{"id":4931,"date":"2022-08-02T18:48:37","date_gmt":"2022-08-02T21:48:37","guid":{"rendered":"https:\/\/baserrifilms.com\/?page_id=4931"},"modified":"2024-09-14T10:42:04","modified_gmt":"2024-09-14T13:42:04","slug":"lab","status":"publish","type":"page","link":"https:\/\/baserrifilms.com\/en\/lab\/","title":{"rendered":"LABORATORIO"},"content":{"rendered":"<div data-elementor-type=\"wp-page\" data-elementor-id=\"4931\" class=\"elementor elementor-4931\">\n\t\t\t\t\t\t<section class=\"elementor-section elementor-top-section elementor-element elementor-element-2c9cf8f6 elementor-section-content-middle elementor-section-full_width elementor-reverse-tablet elementor-reverse-mobile elementor-section-height-default elementor-section-height-default\" data-id=\"2c9cf8f6\" data-element_type=\"section\" data-e-type=\"section\" data-settings=\"{&quot;background_background&quot;:&quot;classic&quot;}\">\n\t\t\t\t\t\t\t<div class=\"elementor-background-overlay\"><\/div>\n\t\t\t\t\t\t\t<div class=\"elementor-container elementor-column-gap-no\">\n\t\t\t\t\t<div class=\"elementor-column elementor-col-100 elementor-top-column elementor-element elementor-element-3c696df\" data-id=\"3c696df\" data-element_type=\"column\" data-e-type=\"column\">\n\t\t\t<div class=\"elementor-widget-wrap\">\n\t\t\t\t\t\t\t<\/div>\n\t\t<\/div>\n\t\t\t\t\t<\/div>\n\t\t<\/section>\n\t\t\t\t<section class=\"elementor-section elementor-top-section elementor-element elementor-element-3d6712f0 elementor-section-boxed elementor-section-height-default elementor-section-height-default\" data-id=\"3d6712f0\" data-element_type=\"section\" data-e-type=\"section\" data-settings=\"{&quot;background_background&quot;:&quot;classic&quot;}\">\n\t\t\t\t\t\t<div class=\"elementor-container elementor-column-gap-default\">\n\t\t\t\t\t<div class=\"elementor-column elementor-col-100 elementor-top-column elementor-element elementor-element-3d408cae\" data-id=\"3d408cae\" data-element_type=\"column\" data-e-type=\"column\">\n\t\t\t<div class=\"elementor-widget-wrap elementor-element-populated\">\n\t\t\t\t\t\t<div class=\"elementor-element elementor-element-58b899c3 elementor-widget elementor-widget-text-editor\" data-id=\"58b899c3\" data-element_type=\"widget\" data-e-type=\"widget\" data-widget_type=\"text-editor.default\">\n\t\t\t\t<div class=\"elementor-widget-container\">\n\t\t\t\t\t\t\t\t\t<p>The technical-creative laboratory for on-camera acting is a study and training proposal developed from the \"Acting Self\" methodology. As its central premise, the Acting Self method aims to uncover the infinite possibilities within each of us to create a unique and authentic \"mediator self\" that allows us to become \"other real selves\" for each character we portray<\/p><p>To fulfill this purpose, the Acting Self implements through a series of specific exercises, the four cornerstones that articulate its methodology:<\/p><p class=\"translation-block\">\u00b7Acting score<br>\u00b7Acting layers<br>\u00b7Active observation<br>\u00b7Reconstruction of the self<\/p><p>Accompanied by a personalized follow-up and continuous practice, this technical-creative process will help you acquire the necessary tools in order to:<\/p><ol><li>Establish an honest relationship with the text to be played, as well as with the reality that the camera and the microphone create at each moment.<\/li><li>Untie the knots that command and automate your body and your voice to adapt attitudes and behaviors that help you to build the oral and body language of the characters.<\/li><\/ol><p>For this purpose, the work dynamics will be constant. In addition to carrying out the designed training plan, outside of class hours, the following tasks \u2013among others\u2013 will be requested:<\/p><p class=\"translation-block\">\u00b7Analysis of the material recorded, edited and sent after each meeting.<br>\u00b7Memorization of texts.<br>\u00b7Research practices.<br>\u00b7Preliminary rehearsals.<\/p><p>Commitment and dedication are essential for the experience proposed by the Acting Self methodology to induce you to change and, consequently, to make you progress.<\/p>\t\t\t\t\t\t\t\t<\/div>\n\t\t\t\t<\/div>\n\t\t\t\t<div class=\"elementor-element elementor-element-2493c794 elementor-widget-divider--view-line elementor-widget elementor-widget-divider\" data-id=\"2493c794\" data-element_type=\"widget\" data-e-type=\"widget\" data-widget_type=\"divider.default\">\n\t\t\t\t<div class=\"elementor-widget-container\">\n\t\t\t\t\t\t\t<div class=\"elementor-divider\">\n\t\t\t<span class=\"elementor-divider-separator\">\n\t\t\t\t\t\t<\/span>\n\t\t<\/div>\n\t\t\t\t\t\t<\/div>\n\t\t\t\t<\/div>\n\t\t\t\t\t<\/div>\n\t\t<\/div>\n\t\t\t\t\t<\/div>\n\t\t<\/section>\n\t\t\t\t<section class=\"elementor-section elementor-top-section elementor-element elementor-element-56b8489e animated-slow elementor-section-boxed elementor-section-height-default elementor-section-height-default\" data-id=\"56b8489e\" data-element_type=\"section\" data-e-type=\"section\" data-settings=\"{&quot;background_background&quot;:&quot;classic&quot;,&quot;animation&quot;:&quot;none&quot;,&quot;animation_delay&quot;:0}\">\n\t\t\t\t\t\t\t<div class=\"elementor-background-overlay\"><\/div>\n\t\t\t\t\t\t\t<div class=\"elementor-container elementor-column-gap-default\">\n\t\t\t\t\t<div class=\"elementor-column elementor-col-100 elementor-top-column elementor-element elementor-element-4679b91a\" data-id=\"4679b91a\" data-element_type=\"column\" data-e-type=\"column\">\n\t\t\t<div class=\"elementor-widget-wrap elementor-element-populated\">\n\t\t\t\t\t\t<div class=\"elementor-element elementor-element-789c43b elementor-align-center elementor-widget elementor-widget-button\" data-id=\"789c43b\" data-element_type=\"widget\" data-e-type=\"widget\" data-widget_type=\"button.default\">\n\t\t\t\t<div class=\"elementor-widget-container\">\n\t\t\t\t\t\t\t\t\t<div class=\"elementor-button-wrapper\">\n\t\t\t\t\t<a class=\"elementor-button elementor-button-link elementor-size-md\" href=\"https:\/\/baserrifilms.com\/en\/\">\n\t\t\t\t\t\t<span class=\"elementor-button-content-wrapper\">\n\t\t\t\t\t\t\t\t\t<span class=\"elementor-button-text\">HOME<\/span>\n\t\t\t\t\t<\/span>\n\t\t\t\t\t<\/a>\n\t\t\t\t<\/div>\n\t\t\t\t\t\t\t\t<\/div>\n\t\t\t\t<\/div>\n\t\t\t\t\t<\/div>\n\t\t<\/div>\n\t\t\t\t\t<\/div>\n\t\t<\/section>\n\t\t\t\t<\/div>","protected":false},"excerpt":{"rendered":"<p>El laboratorio t\u00e9cnico-creativo de interpretaci\u00f3n ante la c\u00e1mara es una propuesta de estudio y entrenamiento desarrollado a partir de la metodolog\u00eda del \u00abYo Actoral\u00bb. Como premisa central, el m\u00e9todo Yo Actoral busca descubrir las infinitas posibilidades que existen dentro de cada uno de nosotros para crear un \u00fanico y verdadero \u00abyo mediador\u00bb que nos permita [&hellip;]<\/p>\n","protected":false},"author":1,"featured_media":0,"parent":0,"menu_order":0,"comment_status":"closed","ping_status":"closed","template":"","meta":{"site-sidebar-layout":"no-sidebar","site-content-layout":"page-builder","ast-site-content-layout":"default","site-content-style":"default","site-sidebar-style":"default","ast-global-header-display":"","ast-banner-title-visibility":"","ast-main-header-display":"","ast-hfb-above-header-display":"","ast-hfb-below-header-display":"","ast-hfb-mobile-header-display":"","site-post-title":"disabled","ast-breadcrumbs-content":"","ast-featured-img":"disabled","footer-sml-layout":"","ast-disable-related-posts":"","theme-transparent-header-meta":"","adv-header-id-meta":"","stick-header-meta":"","header-above-stick-meta":"","header-main-stick-meta":"","header-below-stick-meta":"","astra-migrate-meta-layouts":"default","ast-page-background-enabled":"default","ast-page-background-meta":{"desktop":{"background-color":"var(--ast-global-color-4)","background-image":"","background-repeat":"repeat","background-position":"center center","background-size":"auto","background-attachment":"scroll","background-type":"","background-media":"","overlay-type":"","overlay-color":"","overlay-opacity":"","overlay-gradient":""},"tablet":{"background-color":"","background-image":"","background-repeat":"repeat","background-position":"center center","background-size":"auto","background-attachment":"scroll","background-type":"","background-media":"","overlay-type":"","overlay-color":"","overlay-opacity":"","overlay-gradient":""},"mobile":{"background-color":"","background-image":"","background-repeat":"repeat","background-position":"center center","background-size":"auto","background-attachment":"scroll","background-type":"","background-media":"","overlay-type":"","overlay-color":"","overlay-opacity":"","overlay-gradient":""}},"ast-content-background-meta":{"desktop":{"background-color":"var(--ast-global-color-5)","background-image":"","background-repeat":"repeat","background-position":"center center","background-size":"auto","background-attachment":"scroll","background-type":"","background-media":"","overlay-type":"","overlay-color":"","overlay-opacity":"","overlay-gradient":""},"tablet":{"background-color":"var(--ast-global-color-5)","background-image":"","background-repeat":"repeat","background-position":"center center","background-size":"auto","background-attachment":"scroll","background-type":"","background-media":"","overlay-type":"","overlay-color":"","overlay-opacity":"","overlay-gradient":""},"mobile":{"background-color":"var(--ast-global-color-5)","background-image":"","background-repeat":"repeat","background-position":"center center","background-size":"auto","background-attachment":"scroll","background-type":"","background-media":"","overlay-type":"","overlay-color":"","overlay-opacity":"","overlay-gradient":""}},"footnotes":""},"class_list":["post-4931","page","type-page","status-publish","hentry"],"_links":{"self":[{"href":"https:\/\/baserrifilms.com\/en\/wp-json\/wp\/v2\/pages\/4931","targetHints":{"allow":["GET"]}}],"collection":[{"href":"https:\/\/baserrifilms.com\/en\/wp-json\/wp\/v2\/pages"}],"about":[{"href":"https:\/\/baserrifilms.com\/en\/wp-json\/wp\/v2\/types\/page"}],"author":[{"embeddable":true,"href":"https:\/\/baserrifilms.com\/en\/wp-json\/wp\/v2\/users\/1"}],"replies":[{"embeddable":true,"href":"https:\/\/baserrifilms.com\/en\/wp-json\/wp\/v2\/comments?post=4931"}],"version-history":[{"count":12,"href":"https:\/\/baserrifilms.com\/en\/wp-json\/wp\/v2\/pages\/4931\/revisions"}],"predecessor-version":[{"id":6649,"href":"https:\/\/baserrifilms.com\/en\/wp-json\/wp\/v2\/pages\/4931\/revisions\/6649"}],"wp:attachment":[{"href":"https:\/\/baserrifilms.com\/en\/wp-json\/wp\/v2\/media?parent=4931"}],"curies":[{"name":"wp","href":"https:\/\/api.w.org\/{rel}","templated":true}]}}