{"id":6344,"date":"2024-08-18T20:31:36","date_gmt":"2024-08-18T23:31:36","guid":{"rendered":"https:\/\/baserrifilms.com\/?page_id=6344"},"modified":"2026-04-04T19:40:56","modified_gmt":"2026-04-04T22:40:56","slug":"yo-actoral","status":"publish","type":"page","link":"https:\/\/baserrifilms.com\/en\/yo-actoral\/","title":{"rendered":"THE ACTING SCORE"},"content":{"rendered":"<div data-elementor-type=\"wp-page\" data-elementor-id=\"6344\" class=\"elementor elementor-6344\">\n\t\t\t\t\t\t<section class=\"elementor-section elementor-top-section elementor-element elementor-element-7d7923c5 elementor-section-content-middle elementor-section-full_width elementor-reverse-tablet elementor-reverse-mobile elementor-section-height-default elementor-section-height-default\" data-id=\"7d7923c5\" data-element_type=\"section\" data-e-type=\"section\" data-settings=\"{&quot;background_background&quot;:&quot;classic&quot;}\">\n\t\t\t\t\t\t\t<div class=\"elementor-background-overlay\"><\/div>\n\t\t\t\t\t\t\t<div class=\"elementor-container elementor-column-gap-no\">\n\t\t\t\t\t<div class=\"elementor-column elementor-col-100 elementor-top-column elementor-element elementor-element-12f2e621\" data-id=\"12f2e621\" data-element_type=\"column\" data-e-type=\"column\">\n\t\t\t<div class=\"elementor-widget-wrap elementor-element-populated\">\n\t\t\t\t\t\t<div class=\"elementor-element elementor-element-5ee5f6c elementor-widget elementor-widget-image\" data-id=\"5ee5f6c\" data-element_type=\"widget\" data-e-type=\"widget\" data-widget_type=\"image.default\">\n\t\t\t\t<div class=\"elementor-widget-container\">\n\t\t\t\t\t\t\t\t\t\t\t\t\t\t\t<img fetchpriority=\"high\" decoding=\"async\" width=\"1138\" height=\"1536\" src=\"https:\/\/baserrifilms.com\/wp-content\/uploads\/2026\/04\/SINPSYS-THE-ACTING-SCORE-RAFAEL-ESCOLAR.jpg\" class=\"attachment-1536x1536 size-1536x1536 wp-image-7213\" alt=\"\" srcset=\"https:\/\/baserrifilms.com\/wp-content\/uploads\/2026\/04\/SINPSYS-THE-ACTING-SCORE-RAFAEL-ESCOLAR.jpg 1176w, https:\/\/baserrifilms.com\/wp-content\/uploads\/2026\/04\/SINPSYS-THE-ACTING-SCORE-RAFAEL-ESCOLAR-228x300.jpg 228w, https:\/\/baserrifilms.com\/wp-content\/uploads\/2026\/04\/SINPSYS-THE-ACTING-SCORE-RAFAEL-ESCOLAR-777x1024.jpg 777w, https:\/\/baserrifilms.com\/wp-content\/uploads\/2026\/04\/SINPSYS-THE-ACTING-SCORE-RAFAEL-ESCOLAR-768x1012.jpg 768w, https:\/\/baserrifilms.com\/wp-content\/uploads\/2026\/04\/SINPSYS-THE-ACTING-SCORE-RAFAEL-ESCOLAR-1166x1536.jpg 1166w, https:\/\/baserrifilms.com\/wp-content\/uploads\/2026\/04\/SINPSYS-THE-ACTING-SCORE-RAFAEL-ESCOLAR-9x12.jpg 9w\" sizes=\"(max-width: 1138px) 100vw, 1138px\" \/>\t\t\t\t\t\t\t\t\t\t\t\t\t\t\t<\/div>\n\t\t\t\t<\/div>\n\t\t\t\t<div class=\"elementor-element elementor-element-c30b15a elementor-widget elementor-widget-text-editor\" data-id=\"c30b15a\" data-element_type=\"widget\" data-e-type=\"widget\" data-widget_type=\"text-editor.default\">\n\t\t\t\t<div class=\"elementor-widget-container\">\n\t\t\t\t\t\t\t\t\t<p><span style=\"color: #dbd7d0;\"><b>THE ACTING SCORE\u00a0<\/b><\/span>| AN\u00c1LISIS, NOTACI\u00d3N Y VERIFICACI\u00d3N DE LA ACCI\u00d3N DRAM\u00c1TICA | ISBN:\u00a0978-84-09-82310-9<\/p><p><style>@font-face<br \/>\t{font-family:\"Cambria Math\";<br \/>\tpanose-1:2 4 5 3 5 4 6 3 2 4;<br \/>\tmso-font-charset:0;<br \/>\tmso-generic-font-family:roman;<br \/>\tmso-font-pitch:variable;<br \/>\tmso-font-signature:-536870145 1107305727 0 0 415 0;}@font-face<br \/>\t{font-family:\"Crimson Text Roman\";<br \/>\tpanose-1:2 0 5 3 0 0 0 0 0 0;<br \/>\tmso-font-charset:77;<br \/>\tmso-generic-font-family:auto;<br \/>\tmso-font-pitch:variable;<br \/>\tmso-font-signature:-2147483581 1073741922 0 0 1 0;}p.MsoNormal, li.MsoNormal, div.MsoNormal<br \/>\t{mso-style-unhide:no;<br \/>\tmso-style-qformat:yes;<br \/>\tmso-style-parent:\"\";<br \/>\tmargin:0cm;<br \/>\tmargin-bottom:.0001pt;<br \/>\ttext-align:justify;<br \/>\ttext-indent:17.0pt;<br \/>\tline-height:14.0pt;<br \/>\tmso-line-height-rule:exactly;<br \/>\tmso-pagination:widow-orphan;<br \/>\tfont-size:11.5pt;<br \/>\tmso-bidi-font-size:12.0pt;<br \/>\tfont-family:\"Crimson Text Roman\";<br \/>\tmso-fareast-font-family:\"Times New Roman\";<br \/>\tmso-bidi-font-family:\"Times New Roman\";}.MsoChpDefault<br \/>\t{mso-style-type:export-only;<br \/>\tmso-default-props:yes;<br \/>\tfont-family:\"Calibri\",sans-serif;<br \/>\tmso-ascii-font-family:Calibri;<br \/>\tmso-ascii-theme-font:minor-latin;<br \/>\tmso-fareast-font-family:Calibri;<br \/>\tmso-fareast-theme-font:minor-latin;<br \/>\tmso-hansi-font-family:Calibri;<br \/>\tmso-hansi-theme-font:minor-latin;<br \/>\tmso-bidi-font-family:\"Times New Roman\";<br \/>\tmso-bidi-theme-font:minor-bidi;<br \/>\tmso-ansi-language:ES-TRAD;<br \/>\tmso-fareast-language:EN-US;}div.WordSection1<br \/>\t{page:WordSection1;<\/style> <style>@font-face<br \/>\t{font-family:\"Cambria Math\";<br \/>\tpanose-1:2 4 5 3 5 4 6 3 2 4;<br \/>\tmso-font-charset:0;<br \/>\tmso-generic-font-family:roman;<br \/>\tmso-font-pitch:variable;<br \/>\tmso-font-signature:-536870145 1107305727 0 0 415 0;}@font-face<br \/>\t{font-family:\"Crimson Text Roman\";<br \/>\tpanose-1:2 0 5 3 0 0 0 0 0 0;<br \/>\tmso-font-charset:77;<br \/>\tmso-generic-font-family:auto;<br \/>\tmso-font-pitch:variable;<br \/>\tmso-font-signature:-2147483581 1073741922 0 0 1 0;}p.MsoNormal, li.MsoNormal, div.MsoNormal<br \/>\t{mso-style-unhide:no;<br \/>\tmso-style-qformat:yes;<br \/>\tmso-style-parent:\"\";<br \/>\tmargin:0cm;<br \/>\tmargin-bottom:.0001pt;<br \/>\ttext-align:justify;<br \/>\ttext-indent:17.0pt;<br \/>\tline-height:14.0pt;<br \/>\tmso-line-height-rule:exactly;<br \/>\tmso-pagination:widow-orphan;<br \/>\tfont-size:11.5pt;<br \/>\tmso-bidi-font-size:12.0pt;<br \/>\tfont-family:\"Crimson Text Roman\";<br \/>\tmso-fareast-font-family:\"Times New Roman\";<br \/>\tmso-bidi-font-family:\"Times New Roman\";}.MsoChpDefault<br \/>\t{mso-style-type:export-only;<br \/>\tmso-default-props:yes;<br \/>\tfont-family:\"Calibri\",sans-serif;<br \/>\tmso-ascii-font-family:Calibri;<br \/>\tmso-ascii-theme-font:minor-latin;<br \/>\tmso-fareast-font-family:Calibri;<br \/>\tmso-fareast-theme-font:minor-latin;<br \/>\tmso-hansi-font-family:Calibri;<br \/>\tmso-hansi-theme-font:minor-latin;<br \/>\tmso-bidi-font-family:\"Times New Roman\";<br \/>\tmso-bidi-theme-font:minor-bidi;<br \/>\tmso-ansi-language:ES-TRAD;<br \/>\tmso-fareast-language:EN-US;}div.WordSection1<\/style><\/p><p><style>@font-face<br \/>\t{font-family:\"Cambria Math\";<br \/>\tpanose-1:2 4 5 3 5 4 6 3 2 4;<br \/>\tmso-font-charset:0;<br \/>\tmso-generic-font-family:roman;<br \/>\tmso-font-pitch:variable;<br \/>\tmso-font-signature:-536870145 1107305727 0 0 415 0;}@font-face<br \/>\t{font-family:\"Crimson Text Roman\";<br \/>\tpanose-1:2 0 5 3 0 0 0 0 0 0;<br \/>\tmso-font-charset:77;<br \/>\tmso-generic-font-family:auto;<br \/>\tmso-font-pitch:variable;<br \/>\tmso-font-signature:-2147483581 1073741922 0 0 1 0;}p.MsoNormal, li.MsoNormal, div.MsoNormal<br \/>\t{mso-style-unhide:no;<br \/>\tmso-style-qformat:yes;<br \/>\tmso-style-parent:\"\";<br \/>\tmargin:0cm;<br \/>\tmargin-bottom:.0001pt;<br \/>\ttext-align:justify;<br \/>\ttext-indent:17.0pt;<br \/>\tline-height:14.0pt;<br \/>\tmso-line-height-rule:exactly;<br \/>\tmso-pagination:widow-orphan;<br \/>\tfont-size:11.5pt;<br \/>\tmso-bidi-font-size:12.0pt;<br \/>\tfont-family:\"Crimson Text Roman\";<br \/>\tmso-fareast-font-family:\"Times New Roman\";<br \/>\tmso-bidi-font-family:\"Times New Roman\";}.MsoChpDefault<br \/>\t{mso-style-type:export-only;<br \/>\tmso-default-props:yes;<br \/>\tfont-family:\"Calibri\",sans-serif;<br \/>\tmso-ascii-font-family:Calibri;<br \/>\tmso-ascii-theme-font:minor-latin;<br \/>\tmso-fareast-font-family:Calibri;<br \/>\tmso-fareast-theme-font:minor-latin;<br \/>\tmso-hansi-font-family:Calibri;<br \/>\tmso-hansi-theme-font:minor-latin;<br \/>\tmso-bidi-font-family:\"Times New Roman\";<br \/>\tmso-bidi-theme-font:minor-bidi;<br \/>\tmso-ansi-language:ES-TRAD;<br \/>\tmso-fareast-language:EN-US;}div.WordSection1<br \/>\t{page:WordSecti<\/style><\/p>\t\t\t\t\t\t\t\t<\/div>\n\t\t\t\t<\/div>\n\t\t\t\t\t<\/div>\n\t\t<\/div>\n\t\t\t\t\t<\/div>\n\t\t<\/section>\n\t\t\t\t<section class=\"elementor-section elementor-top-section elementor-element elementor-element-5344abf elementor-section-boxed elementor-section-height-default elementor-section-height-default\" data-id=\"5344abf\" data-element_type=\"section\" data-e-type=\"section\" data-settings=\"{&quot;background_background&quot;:&quot;classic&quot;}\">\n\t\t\t\t\t\t<div class=\"elementor-container elementor-column-gap-no\">\n\t\t\t\t\t<div class=\"elementor-column elementor-col-100 elementor-top-column elementor-element elementor-element-3b77ca3\" data-id=\"3b77ca3\" data-element_type=\"column\" data-e-type=\"column\">\n\t\t\t<div class=\"elementor-widget-wrap elementor-element-populated\">\n\t\t\t\t\t\t<div class=\"elementor-element elementor-element-5d86a9b elementor-widget-divider--view-line elementor-widget elementor-widget-divider\" data-id=\"5d86a9b\" data-element_type=\"widget\" data-e-type=\"widget\" data-widget_type=\"divider.default\">\n\t\t\t\t<div class=\"elementor-widget-container\">\n\t\t\t\t\t\t\t<div class=\"elementor-divider\">\n\t\t\t<span class=\"elementor-divider-separator\">\n\t\t\t\t\t\t<\/span>\n\t\t<\/div>\n\t\t\t\t\t\t<\/div>\n\t\t\t\t<\/div>\n\t\t\t\t<div class=\"elementor-element elementor-element-cde8693 elementor-widget elementor-widget-heading\" data-id=\"cde8693\" data-element_type=\"widget\" data-e-type=\"widget\" data-widget_type=\"heading.default\">\n\t\t\t\t<div class=\"elementor-widget-container\">\n\t\t\t\t\t<h2 class=\"elementor-heading-title elementor-size-default\">ACQUISITIONS<\/h2>\t\t\t\t<\/div>\n\t\t\t\t<\/div>\n\t\t\t\t<div class=\"elementor-element elementor-element-887a870 elementor-widget elementor-widget-image\" data-id=\"887a870\" data-element_type=\"widget\" data-e-type=\"widget\" data-widget_type=\"image.default\">\n\t\t\t\t<div class=\"elementor-widget-container\">\n\t\t\t\t\t\t\t\t\t\t\t\t\t\t\t\t<a href=\"https:\/\/amzn.eu\/d\/02IulCxg\">\n\t\t\t\t\t\t\t<img decoding=\"async\" width=\"597\" height=\"597\" src=\"https:\/\/baserrifilms.com\/wp-content\/uploads\/2022\/06\/AMAZON-BOTON-2.png\" class=\"attachment-large size-large wp-image-1663\" alt=\"\" srcset=\"https:\/\/baserrifilms.com\/wp-content\/uploads\/2022\/06\/AMAZON-BOTON-2.png 597w, https:\/\/baserrifilms.com\/wp-content\/uploads\/2022\/06\/AMAZON-BOTON-2-300x300.png 300w, https:\/\/baserrifilms.com\/wp-content\/uploads\/2022\/06\/AMAZON-BOTON-2-150x150.png 150w\" sizes=\"(max-width: 597px) 100vw, 597px\" \/>\t\t\t\t\t\t\t\t<\/a>\n\t\t\t\t\t\t\t\t\t\t\t\t\t\t\t<\/div>\n\t\t\t\t<\/div>\n\t\t\t\t\t<\/div>\n\t\t<\/div>\n\t\t\t\t\t<\/div>\n\t\t<\/section>\n\t\t\t\t<section class=\"elementor-section elementor-top-section elementor-element elementor-element-52f666bf animated-slow elementor-section-boxed elementor-section-height-default elementor-section-height-default\" data-id=\"52f666bf\" data-element_type=\"section\" data-e-type=\"section\" data-settings=\"{&quot;background_background&quot;:&quot;classic&quot;,&quot;animation&quot;:&quot;none&quot;,&quot;animation_delay&quot;:0}\">\n\t\t\t\t\t\t\t<div class=\"elementor-background-overlay\"><\/div>\n\t\t\t\t\t\t\t<div class=\"elementor-container elementor-column-gap-default\">\n\t\t\t\t\t<div class=\"elementor-column elementor-col-100 elementor-top-column elementor-element elementor-element-17f24248\" data-id=\"17f24248\" data-element_type=\"column\" data-e-type=\"column\">\n\t\t\t<div class=\"elementor-widget-wrap elementor-element-populated\">\n\t\t\t\t\t\t<div class=\"elementor-element elementor-element-dcc39bb elementor-widget elementor-widget-text-editor\" data-id=\"dcc39bb\" data-element_type=\"widget\" data-e-type=\"widget\" data-widget_type=\"text-editor.default\">\n\t\t\t\t<div class=\"elementor-widget-container\">\n\t\t\t\t\t\t\t\t\t<p style=\"text-align: center;\"><span style=\"color: #dbd7d0;\">(SPANISH VERSION)<\/span><\/p>\t\t\t\t\t\t\t\t<\/div>\n\t\t\t\t<\/div>\n\t\t\t\t<div class=\"elementor-element elementor-element-9141a40 elementor-widget elementor-widget-image\" data-id=\"9141a40\" data-element_type=\"widget\" data-e-type=\"widget\" data-widget_type=\"image.default\">\n\t\t\t\t<div class=\"elementor-widget-container\">\n\t\t\t\t\t\t\t\t\t\t\t\t\t\t\t\t<a href=\"https:\/\/a.co\/d\/0iEJqqMi\">\n\t\t\t\t\t\t\t<img decoding=\"async\" width=\"597\" height=\"597\" src=\"https:\/\/baserrifilms.com\/wp-content\/uploads\/2022\/06\/AMAZON-BOTON-2.png\" class=\"attachment-large size-large wp-image-1663\" alt=\"\" srcset=\"https:\/\/baserrifilms.com\/wp-content\/uploads\/2022\/06\/AMAZON-BOTON-2.png 597w, https:\/\/baserrifilms.com\/wp-content\/uploads\/2022\/06\/AMAZON-BOTON-2-300x300.png 300w, https:\/\/baserrifilms.com\/wp-content\/uploads\/2022\/06\/AMAZON-BOTON-2-150x150.png 150w\" sizes=\"(max-width: 597px) 100vw, 597px\" \/>\t\t\t\t\t\t\t\t<\/a>\n\t\t\t\t\t\t\t\t\t\t\t\t\t\t\t<\/div>\n\t\t\t\t<\/div>\n\t\t\t\t<div class=\"elementor-element elementor-element-de0cfc6 elementor-widget elementor-widget-text-editor\" data-id=\"de0cfc6\" data-element_type=\"widget\" data-e-type=\"widget\" data-widget_type=\"text-editor.default\">\n\t\t\t\t<div class=\"elementor-widget-container\">\n\t\t\t\t\t\t\t\t\t<p style=\"text-align: center;\"><span style=\"color: #dbd7d0;\">(ENGLISH VERSION)<\/span><\/p>\t\t\t\t\t\t\t\t<\/div>\n\t\t\t\t<\/div>\n\t\t\t\t<div class=\"elementor-element elementor-element-2b70cf8 elementor-align-center elementor-widget elementor-widget-button\" data-id=\"2b70cf8\" data-element_type=\"widget\" data-e-type=\"widget\" data-widget_type=\"button.default\">\n\t\t\t\t<div class=\"elementor-widget-container\">\n\t\t\t\t\t\t\t\t\t<div class=\"elementor-button-wrapper\">\n\t\t\t\t\t<a class=\"elementor-button elementor-button-link elementor-size-md\" href=\"https:\/\/baserrifilms.com\/en\/\">\n\t\t\t\t\t\t<span class=\"elementor-button-content-wrapper\">\n\t\t\t\t\t\t\t\t\t<span class=\"elementor-button-text\">HOME<\/span>\n\t\t\t\t\t<\/span>\n\t\t\t\t\t<\/a>\n\t\t\t\t<\/div>\n\t\t\t\t\t\t\t\t<\/div>\n\t\t\t\t<\/div>\n\t\t\t\t\t<\/div>\n\t\t<\/div>\n\t\t\t\t\t<\/div>\n\t\t<\/section>\n\t\t\t\t<section class=\"elementor-section elementor-top-section elementor-element elementor-element-cb3d111 elementor-section-boxed elementor-section-height-default elementor-section-height-default\" data-id=\"cb3d111\" data-element_type=\"section\" data-e-type=\"section\">\n\t\t\t\t\t\t<div class=\"elementor-container elementor-column-gap-default\">\n\t\t\t\t\t<div class=\"elementor-column elementor-col-100 elementor-top-column elementor-element elementor-element-fba20bd\" data-id=\"fba20bd\" data-element_type=\"column\" data-e-type=\"column\">\n\t\t\t<div class=\"elementor-widget-wrap\">\n\t\t\t\t\t\t\t<\/div>\n\t\t<\/div>\n\t\t\t\t\t<\/div>\n\t\t<\/section>\n\t\t\t\t<\/div>","protected":false},"excerpt":{"rendered":"<p>LA PARTITURA ACTORAL\u00a0| AN\u00c1LISIS, NOTACI\u00d3N Y VERIFICACI\u00d3N DE LA ACCI\u00d3N DRAM\u00c1TICA | ISBN:\u00a0978-84-09-82310-9 ADQUISICIONES (VERSI\u00d3N ESPA\u00d1OL) (VERSI\u00d3N INGL\u00c9S) HOME<\/p>","protected":false},"author":1,"featured_media":0,"parent":0,"menu_order":0,"comment_status":"closed","ping_status":"closed","template":"","meta":{"site-sidebar-layout":"no-sidebar","site-content-layout":"page-builder","ast-site-content-layout":"full-width-container","site-content-style":"unboxed","site-sidebar-style":"unboxed","ast-global-header-display":"","ast-banner-title-visibility":"","ast-main-header-display":"","ast-hfb-above-header-display":"","ast-hfb-below-header-display":"","ast-hfb-mobile-header-display":"","site-post-title":"disabled","ast-breadcrumbs-content":"","ast-featured-img":"disabled","footer-sml-layout":"","ast-disable-related-posts":"","theme-transparent-header-meta":"","adv-header-id-meta":"","stick-header-meta":"","header-above-stick-meta":"","header-main-stick-meta":"","header-below-stick-meta":"","astra-migrate-meta-layouts":"set","ast-page-background-enabled":"default","ast-page-background-meta":{"desktop":{"background-color":"var(--ast-global-color-4)","background-image":"","background-repeat":"repeat","background-position":"center center","background-size":"auto","background-attachment":"scroll","background-type":"","background-media":"","overlay-type":"","overlay-color":"","overlay-opacity":"","overlay-gradient":""},"tablet":{"background-color":"","background-image":"","background-repeat":"repeat","background-position":"center center","background-size":"auto","background-attachment":"scroll","background-type":"","background-media":"","overlay-type":"","overlay-color":"","overlay-opacity":"","overlay-gradient":""},"mobile":{"background-color":"","background-image":"","background-repeat":"repeat","background-position":"center center","background-size":"auto","background-attachment":"scroll","background-type":"","background-media":"","overlay-type":"","overlay-color":"","overlay-opacity":"","overlay-gradient":""}},"ast-content-background-meta":{"desktop":{"background-color":"var(--ast-global-color-5)","background-image":"","background-repeat":"repeat","background-position":"center center","background-size":"auto","background-attachment":"scroll","background-type":"","background-media":"","overlay-type":"","overlay-color":"","overlay-opacity":"","overlay-gradient":""},"tablet":{"background-color":"var(--ast-global-color-5)","background-image":"","background-repeat":"repeat","background-position":"center center","background-size":"auto","background-attachment":"scroll","background-type":"","background-media":"","overlay-type":"","overlay-color":"","overlay-opacity":"","overlay-gradient":""},"mobile":{"background-color":"var(--ast-global-color-5)","background-image":"","background-repeat":"repeat","background-position":"center center","background-size":"auto","background-attachment":"scroll","background-type":"","background-media":"","overlay-type":"","overlay-color":"","overlay-opacity":"","overlay-gradient":""}},"footnotes":""},"class_list":["post-6344","page","type-page","status-publish","hentry"],"_links":{"self":[{"href":"https:\/\/baserrifilms.com\/en\/wp-json\/wp\/v2\/pages\/6344","targetHints":{"allow":["GET"]}}],"collection":[{"href":"https:\/\/baserrifilms.com\/en\/wp-json\/wp\/v2\/pages"}],"about":[{"href":"https:\/\/baserrifilms.com\/en\/wp-json\/wp\/v2\/types\/page"}],"author":[{"embeddable":true,"href":"https:\/\/baserrifilms.com\/en\/wp-json\/wp\/v2\/users\/1"}],"replies":[{"embeddable":true,"href":"https:\/\/baserrifilms.com\/en\/wp-json\/wp\/v2\/comments?post=6344"}],"version-history":[{"count":99,"href":"https:\/\/baserrifilms.com\/en\/wp-json\/wp\/v2\/pages\/6344\/revisions"}],"predecessor-version":[{"id":7220,"href":"https:\/\/baserrifilms.com\/en\/wp-json\/wp\/v2\/pages\/6344\/revisions\/7220"}],"wp:attachment":[{"href":"https:\/\/baserrifilms.com\/en\/wp-json\/wp\/v2\/media?parent=6344"}],"curies":[{"name":"wp","href":"https:\/\/api.w.org\/{rel}","templated":true}]}}