{"id":6540,"date":"2024-08-27T20:42:07","date_gmt":"2024-08-27T23:42:07","guid":{"rendered":"https:\/\/baserrifilms.com\/?page_id=6540"},"modified":"2024-12-12T13:12:03","modified_gmt":"2024-12-12T16:12:03","slug":"nada-cambia-2","status":"publish","type":"page","link":"https:\/\/baserrifilms.com\/en\/nada-cambia-2\/","title":{"rendered":"NOTHING CHANGES"},"content":{"rendered":"<div data-elementor-type=\"wp-page\" data-elementor-id=\"6540\" class=\"elementor elementor-6540\">\n\t\t\t\t\t\t<section class=\"elementor-section elementor-top-section elementor-element elementor-element-7d7923c5 elementor-section-content-middle elementor-section-full_width elementor-reverse-tablet elementor-reverse-mobile elementor-section-height-default elementor-section-height-default\" data-id=\"7d7923c5\" data-element_type=\"section\" data-e-type=\"section\" data-settings=\"{&quot;background_background&quot;:&quot;classic&quot;}\">\n\t\t\t\t\t\t\t<div class=\"elementor-background-overlay\"><\/div>\n\t\t\t\t\t\t\t<div class=\"elementor-container elementor-column-gap-no\">\n\t\t\t\t\t<div class=\"elementor-column elementor-col-100 elementor-top-column elementor-element elementor-element-12f2e621\" data-id=\"12f2e621\" data-element_type=\"column\" data-e-type=\"column\">\n\t\t\t<div class=\"elementor-widget-wrap elementor-element-populated\">\n\t\t\t\t\t\t<div class=\"elementor-element elementor-element-9a8a28b elementor-widget elementor-widget-image\" data-id=\"9a8a28b\" data-element_type=\"widget\" data-e-type=\"widget\" data-widget_type=\"image.default\">\n\t\t\t\t<div class=\"elementor-widget-container\">\n\t\t\t\t\t\t\t\t\t\t\t\t\t\t\t<img fetchpriority=\"high\" decoding=\"async\" width=\"477\" height=\"528\" src=\"https:\/\/baserrifilms.com\/wp-content\/uploads\/2024\/12\/NADA-CAMBIA-EN.jpg\" class=\"attachment-large size-large wp-image-7000\" alt=\"\" srcset=\"https:\/\/baserrifilms.com\/wp-content\/uploads\/2024\/12\/NADA-CAMBIA-EN.jpg 477w, https:\/\/baserrifilms.com\/wp-content\/uploads\/2024\/12\/NADA-CAMBIA-EN-271x300.jpg 271w, https:\/\/baserrifilms.com\/wp-content\/uploads\/2024\/12\/NADA-CAMBIA-EN-11x12.jpg 11w\" sizes=\"(max-width: 477px) 100vw, 477px\" \/>\t\t\t\t\t\t\t\t\t\t\t\t\t\t\t<\/div>\n\t\t\t\t<\/div>\n\t\t\t\t<div class=\"elementor-element elementor-element-8dd80be elementor-widget elementor-widget-text-editor\" data-id=\"8dd80be\" data-element_type=\"widget\" data-e-type=\"widget\" data-widget_type=\"text-editor.default\">\n\t\t\t\t<div class=\"elementor-widget-container\">\n\t\t\t\t\t\t\t\t\t<p><span style=\"color: #ffff00;\"><b><span style=\"color: #dbd7d0;\">NOTHING CHANGES<\/span> <\/b><\/span>| TESTIMONIAL DOCUMENTARY ON GENDER VIOLENCE | 24 MIN. | AGENTINA 2010<\/p>\t\t\t\t\t\t\t\t<\/div>\n\t\t\t\t<\/div>\n\t\t\t\t<div class=\"elementor-element elementor-element-5d86a9b elementor-widget-divider--view-line elementor-widget elementor-widget-divider\" data-id=\"5d86a9b\" data-element_type=\"widget\" data-e-type=\"widget\" data-widget_type=\"divider.default\">\n\t\t\t\t<div class=\"elementor-widget-container\">\n\t\t\t\t\t\t\t<div class=\"elementor-divider\">\n\t\t\t<span class=\"elementor-divider-separator\">\n\t\t\t\t\t\t<\/span>\n\t\t<\/div>\n\t\t\t\t\t\t<\/div>\n\t\t\t\t<\/div>\n\t\t\t\t\t<\/div>\n\t\t<\/div>\n\t\t\t\t\t<\/div>\n\t\t<\/section>\n\t\t\t\t<section class=\"elementor-section elementor-top-section elementor-element elementor-element-5344abf elementor-section-boxed elementor-section-height-default elementor-section-height-default\" data-id=\"5344abf\" data-element_type=\"section\" data-e-type=\"section\" data-settings=\"{&quot;background_background&quot;:&quot;classic&quot;}\">\n\t\t\t\t\t\t<div class=\"elementor-container elementor-column-gap-default\">\n\t\t\t\t\t<div class=\"elementor-column elementor-col-100 elementor-top-column elementor-element elementor-element-3b77ca3\" data-id=\"3b77ca3\" data-element_type=\"column\" data-e-type=\"column\">\n\t\t\t<div class=\"elementor-widget-wrap elementor-element-populated\">\n\t\t\t\t\t\t<div class=\"elementor-element elementor-element-0d10b10 elementor-invisible elementor-widget elementor-widget-text-editor\" data-id=\"0d10b10\" data-element_type=\"widget\" data-e-type=\"widget\" data-settings=\"{&quot;_animation&quot;:&quot;fadeIn&quot;}\" data-widget_type=\"text-editor.default\">\n\t\t\t\t<div class=\"elementor-widget-container\">\n\t\t\t\t\t\t\t\t\t<p><span style=\"color: #919191;\">FOR EDUCATIONAL AND SOCIAL AWARENESS PURPOSES, SEND A REQUEST FOR ACCESS.<\/span><\/p>\t\t\t\t\t\t\t\t<\/div>\n\t\t\t\t<\/div>\n\t\t\t\t\t<\/div>\n\t\t<\/div>\n\t\t\t\t\t<\/div>\n\t\t<\/section>\n\t\t\t\t<section class=\"elementor-section elementor-top-section elementor-element elementor-element-52f666bf animated-slow elementor-section-boxed elementor-section-height-default elementor-section-height-default\" data-id=\"52f666bf\" data-element_type=\"section\" data-e-type=\"section\" data-settings=\"{&quot;background_background&quot;:&quot;classic&quot;,&quot;animation&quot;:&quot;none&quot;,&quot;animation_delay&quot;:0}\">\n\t\t\t\t\t\t\t<div class=\"elementor-background-overlay\"><\/div>\n\t\t\t\t\t\t\t<div class=\"elementor-container elementor-column-gap-default\">\n\t\t\t\t\t<div class=\"elementor-column elementor-col-100 elementor-top-column elementor-element elementor-element-17f24248\" data-id=\"17f24248\" data-element_type=\"column\" data-e-type=\"column\">\n\t\t\t<div class=\"elementor-widget-wrap elementor-element-populated\">\n\t\t\t\t\t\t<div class=\"elementor-element elementor-element-5bd0eac elementor-widget elementor-widget-image\" data-id=\"5bd0eac\" data-element_type=\"widget\" data-e-type=\"widget\" data-widget_type=\"image.default\">\n\t\t\t\t<div class=\"elementor-widget-container\">\n\t\t\t\t\t\t\t\t\t\t\t\t\t\t\t\t<a href=\"mailto:rescolar@baserrifilms.com\">\n\t\t\t\t\t\t\t<img decoding=\"async\" width=\"597\" height=\"597\" src=\"https:\/\/baserrifilms.com\/wp-content\/uploads\/2022\/06\/BOTON-MAIL.png\" class=\"attachment-large size-large wp-image-1757\" alt=\"\" srcset=\"https:\/\/baserrifilms.com\/wp-content\/uploads\/2022\/06\/BOTON-MAIL.png 597w, https:\/\/baserrifilms.com\/wp-content\/uploads\/2022\/06\/BOTON-MAIL-300x300.png 300w, https:\/\/baserrifilms.com\/wp-content\/uploads\/2022\/06\/BOTON-MAIL-150x150.png 150w\" sizes=\"(max-width: 597px) 100vw, 597px\" \/>\t\t\t\t\t\t\t\t<\/a>\n\t\t\t\t\t\t\t\t\t\t\t\t\t\t\t<\/div>\n\t\t\t\t<\/div>\n\t\t\t\t<div class=\"elementor-element elementor-element-d070cac elementor-align-center elementor-widget elementor-widget-button\" data-id=\"d070cac\" data-element_type=\"widget\" data-e-type=\"widget\" data-widget_type=\"button.default\">\n\t\t\t\t<div class=\"elementor-widget-container\">\n\t\t\t\t\t\t\t\t\t<div class=\"elementor-button-wrapper\">\n\t\t\t\t\t<a class=\"elementor-button elementor-button-link elementor-size-md\" href=\"https:\/\/baserrifilms.com\/en\/\">\n\t\t\t\t\t\t<span class=\"elementor-button-content-wrapper\">\n\t\t\t\t\t\t\t\t\t<span class=\"elementor-button-text\">HOME<\/span>\n\t\t\t\t\t<\/span>\n\t\t\t\t\t<\/a>\n\t\t\t\t<\/div>\n\t\t\t\t\t\t\t\t<\/div>\n\t\t\t\t<\/div>\n\t\t\t\t\t<\/div>\n\t\t<\/div>\n\t\t\t\t\t<\/div>\n\t\t<\/section>\n\t\t\t\t<section class=\"elementor-section elementor-top-section elementor-element elementor-element-ba452a8 elementor-section-boxed elementor-section-height-default elementor-section-height-default\" data-id=\"ba452a8\" data-element_type=\"section\" data-e-type=\"section\">\n\t\t\t\t\t\t<div class=\"elementor-container elementor-column-gap-default\">\n\t\t\t\t\t<div class=\"elementor-column elementor-col-100 elementor-top-column elementor-element elementor-element-3a7f1e8\" data-id=\"3a7f1e8\" data-element_type=\"column\" data-e-type=\"column\">\n\t\t\t<div class=\"elementor-widget-wrap\">\n\t\t\t\t\t\t\t<\/div>\n\t\t<\/div>\n\t\t\t\t\t<\/div>\n\t\t<\/section>\n\t\t\t\t<\/div>","protected":false},"excerpt":{"rendered":"<p>NADA CAMBIA | DOCUMENTAL TESTIMONIAL SOBRE VIOLENCIA DE G\u00c9NERO | 24 MIN. | AGENTINA 2010 CON FINES EDUCATIVOS Y DE CONCIENCIACI\u00d3N SOCIAL, ENV\u00cdE UNA SOLICITUD DE ACCESO. HOME<\/p>","protected":false},"author":1,"featured_media":0,"parent":0,"menu_order":0,"comment_status":"closed","ping_status":"closed","template":"","meta":{"site-sidebar-layout":"no-sidebar","site-content-layout":"page-builder","ast-site-content-layout":"default","site-content-style":"default","site-sidebar-style":"default","ast-global-header-display":"","ast-banner-title-visibility":"","ast-main-header-display":"","ast-hfb-above-header-display":"","ast-hfb-below-header-display":"","ast-hfb-mobile-header-display":"","site-post-title":"disabled","ast-breadcrumbs-content":"","ast-featured-img":"disabled","footer-sml-layout":"","ast-disable-related-posts":"","theme-transparent-header-meta":"","adv-header-id-meta":"","stick-header-meta":"","header-above-stick-meta":"","header-main-stick-meta":"","header-below-stick-meta":"","astra-migrate-meta-layouts":"default","ast-page-background-enabled":"default","ast-page-background-meta":{"desktop":{"background-color":"var(--ast-global-color-4)","background-image":"","background-repeat":"repeat","background-position":"center center","background-size":"auto","background-attachment":"scroll","background-type":"","background-media":"","overlay-type":"","overlay-color":"","overlay-opacity":"","overlay-gradient":""},"tablet":{"background-color":"","background-image":"","background-repeat":"repeat","background-position":"center center","background-size":"auto","background-attachment":"scroll","background-type":"","background-media":"","overlay-type":"","overlay-color":"","overlay-opacity":"","overlay-gradient":""},"mobile":{"background-color":"","background-image":"","background-repeat":"repeat","background-position":"center center","background-size":"auto","background-attachment":"scroll","background-type":"","background-media":"","overlay-type":"","overlay-color":"","overlay-opacity":"","overlay-gradient":""}},"ast-content-background-meta":{"desktop":{"background-color":"var(--ast-global-color-5)","background-image":"","background-repeat":"repeat","background-position":"center center","background-size":"auto","background-attachment":"scroll","background-type":"","background-media":"","overlay-type":"","overlay-color":"","overlay-opacity":"","overlay-gradient":""},"tablet":{"background-color":"var(--ast-global-color-5)","background-image":"","background-repeat":"repeat","background-position":"center center","background-size":"auto","background-attachment":"scroll","background-type":"","background-media":"","overlay-type":"","overlay-color":"","overlay-opacity":"","overlay-gradient":""},"mobile":{"background-color":"var(--ast-global-color-5)","background-image":"","background-repeat":"repeat","background-position":"center center","background-size":"auto","background-attachment":"scroll","background-type":"","background-media":"","overlay-type":"","overlay-color":"","overlay-opacity":"","overlay-gradient":""}},"footnotes":""},"class_list":["post-6540","page","type-page","status-publish","hentry"],"_links":{"self":[{"href":"https:\/\/baserrifilms.com\/en\/wp-json\/wp\/v2\/pages\/6540","targetHints":{"allow":["GET"]}}],"collection":[{"href":"https:\/\/baserrifilms.com\/en\/wp-json\/wp\/v2\/pages"}],"about":[{"href":"https:\/\/baserrifilms.com\/en\/wp-json\/wp\/v2\/types\/page"}],"author":[{"embeddable":true,"href":"https:\/\/baserrifilms.com\/en\/wp-json\/wp\/v2\/users\/1"}],"replies":[{"embeddable":true,"href":"https:\/\/baserrifilms.com\/en\/wp-json\/wp\/v2\/comments?post=6540"}],"version-history":[{"count":74,"href":"https:\/\/baserrifilms.com\/en\/wp-json\/wp\/v2\/pages\/6540\/revisions"}],"predecessor-version":[{"id":7004,"href":"https:\/\/baserrifilms.com\/en\/wp-json\/wp\/v2\/pages\/6540\/revisions\/7004"}],"wp:attachment":[{"href":"https:\/\/baserrifilms.com\/en\/wp-json\/wp\/v2\/media?parent=6540"}],"curies":[{"name":"wp","href":"https:\/\/api.w.org\/{rel}","templated":true}]}}