{"id":3172,"date":"2022-07-06T11:37:23","date_gmt":"2022-07-06T14:37:23","guid":{"rendered":"https:\/\/baserrifilms.com\/?page_id=3172"},"modified":"2024-12-07T20:44:50","modified_gmt":"2024-12-07T23:44:50","slug":"yoactoral","status":"publish","type":"page","link":"https:\/\/baserrifilms.com\/es\/yoactoral\/","title":{"rendered":"YO ACTORAL"},"content":{"rendered":"\t\t<div data-elementor-type=\"wp-page\" data-elementor-id=\"3172\" class=\"elementor elementor-3172\">\n\t\t\t\t\t\t<section class=\"elementor-section elementor-top-section elementor-element elementor-element-7d7923c5 elementor-section-content-middle elementor-section-full_width elementor-reverse-tablet elementor-reverse-mobile elementor-section-height-default elementor-section-height-default\" data-id=\"7d7923c5\" data-element_type=\"section\" data-e-type=\"section\" data-settings=\"{&quot;background_background&quot;:&quot;classic&quot;}\">\n\t\t\t\t\t\t\t<div class=\"elementor-background-overlay\"><\/div>\n\t\t\t\t\t\t\t<div class=\"elementor-container elementor-column-gap-no\">\n\t\t\t\t\t<div class=\"elementor-column elementor-col-100 elementor-top-column elementor-element elementor-element-12f2e621\" data-id=\"12f2e621\" data-element_type=\"column\" data-e-type=\"column\">\n\t\t\t<div class=\"elementor-widget-wrap elementor-element-populated\">\n\t\t\t\t\t\t<div class=\"elementor-element elementor-element-4db020b elementor-widget elementor-widget-image\" data-id=\"4db020b\" data-element_type=\"widget\" data-e-type=\"widget\" data-widget_type=\"image.default\">\n\t\t\t\t<div class=\"elementor-widget-container\">\n\t\t\t\t\t\t\t\t\t\t\t\t\t\t\t<img fetchpriority=\"high\" decoding=\"async\" width=\"1024\" height=\"1024\" src=\"https:\/\/baserrifilms.com\/wp-content\/uploads\/2022\/10\/Rafael-Escolar-YO-ACTORAL-sinopsis-1024x1024.jpg\" class=\"attachment-large size-large wp-image-5168\" alt=\"\" srcset=\"https:\/\/baserrifilms.com\/wp-content\/uploads\/2022\/10\/Rafael-Escolar-YO-ACTORAL-sinopsis-1024x1024.jpg 1024w, https:\/\/baserrifilms.com\/wp-content\/uploads\/2022\/10\/Rafael-Escolar-YO-ACTORAL-sinopsis-300x300.jpg 300w, https:\/\/baserrifilms.com\/wp-content\/uploads\/2022\/10\/Rafael-Escolar-YO-ACTORAL-sinopsis-150x150.jpg 150w, https:\/\/baserrifilms.com\/wp-content\/uploads\/2022\/10\/Rafael-Escolar-YO-ACTORAL-sinopsis-768x768.jpg 768w, https:\/\/baserrifilms.com\/wp-content\/uploads\/2022\/10\/Rafael-Escolar-YO-ACTORAL-sinopsis-12x12.jpg 12w, https:\/\/baserrifilms.com\/wp-content\/uploads\/2022\/10\/Rafael-Escolar-YO-ACTORAL-sinopsis.jpg 1080w\" sizes=\"(max-width: 1024px) 100vw, 1024px\" \/>\t\t\t\t\t\t\t\t\t\t\t\t\t\t\t<\/div>\n\t\t\t\t<\/div>\n\t\t\t\t<div class=\"elementor-element elementor-element-8dd80be elementor-widget elementor-widget-text-editor\" data-id=\"8dd80be\" data-element_type=\"widget\" data-e-type=\"widget\" data-widget_type=\"text-editor.default\">\n\t\t\t\t<div class=\"elementor-widget-container\">\n\t\t\t\t\t\t\t\t\t<p><span style=\"color: #dbd7d0;\"><b>YO ACTORAL <\/b><\/span>| M\u00c9TODO T\u00c9CNICO-CREATIVO DE ACTUACI\u00d3N ANTE LA C\u00c1MARA | 170 P\u00c1GS. | ISBN 9789878812397<\/p>\t\t\t\t\t\t\t\t<\/div>\n\t\t\t\t<\/div>\n\t\t\t\t<div class=\"elementor-element elementor-element-5d86a9b elementor-widget-divider--view-line elementor-widget elementor-widget-divider\" data-id=\"5d86a9b\" data-element_type=\"widget\" data-e-type=\"widget\" data-widget_type=\"divider.default\">\n\t\t\t\t<div class=\"elementor-widget-container\">\n\t\t\t\t\t\t\t<div class=\"elementor-divider\">\n\t\t\t<span class=\"elementor-divider-separator\">\n\t\t\t\t\t\t<\/span>\n\t\t<\/div>\n\t\t\t\t\t\t<\/div>\n\t\t\t\t<\/div>\n\t\t\t\t\t<\/div>\n\t\t<\/div>\n\t\t\t\t\t<\/div>\n\t\t<\/section>\n\t\t\t\t<section class=\"elementor-section elementor-top-section elementor-element elementor-element-5344abf elementor-section-boxed elementor-section-height-default elementor-section-height-default\" data-id=\"5344abf\" data-element_type=\"section\" data-e-type=\"section\" data-settings=\"{&quot;background_background&quot;:&quot;classic&quot;}\">\n\t\t\t\t\t\t<div class=\"elementor-container elementor-column-gap-default\">\n\t\t\t\t\t<div class=\"elementor-column elementor-col-100 elementor-top-column elementor-element elementor-element-3b77ca3\" data-id=\"3b77ca3\" data-element_type=\"column\" data-e-type=\"column\">\n\t\t\t<div class=\"elementor-widget-wrap elementor-element-populated\">\n\t\t\t\t\t\t<div class=\"elementor-element elementor-element-0d10b10 elementor-widget elementor-widget-text-editor\" data-id=\"0d10b10\" data-element_type=\"widget\" data-e-type=\"widget\" data-widget_type=\"text-editor.default\">\n\t\t\t\t<div class=\"elementor-widget-container\">\n\t\t\t\t\t\t\t\t\t<p><span style=\"color: #dbd7d0;\">ADQUISICIONES<\/span><\/p>\t\t\t\t\t\t\t\t<\/div>\n\t\t\t\t<\/div>\n\t\t\t\t<div class=\"elementor-element elementor-element-5bd0eac elementor-widget elementor-widget-image\" data-id=\"5bd0eac\" data-element_type=\"widget\" data-e-type=\"widget\" data-widget_type=\"image.default\">\n\t\t\t\t<div class=\"elementor-widget-container\">\n\t\t\t\t\t\t\t\t\t\t\t\t\t\t\t\t<a href=\"https:\/\/www.amazon.es\/dp\/B09CQYLFY9\">\n\t\t\t\t\t\t\t<img decoding=\"async\" width=\"597\" height=\"597\" src=\"https:\/\/baserrifilms.com\/wp-content\/uploads\/2022\/06\/AMAZON-BOTON-2.png\" class=\"attachment-large size-large wp-image-1663\" alt=\"\" srcset=\"https:\/\/baserrifilms.com\/wp-content\/uploads\/2022\/06\/AMAZON-BOTON-2.png 597w, https:\/\/baserrifilms.com\/wp-content\/uploads\/2022\/06\/AMAZON-BOTON-2-300x300.png 300w, https:\/\/baserrifilms.com\/wp-content\/uploads\/2022\/06\/AMAZON-BOTON-2-150x150.png 150w\" sizes=\"(max-width: 597px) 100vw, 597px\" \/>\t\t\t\t\t\t\t\t<\/a>\n\t\t\t\t\t\t\t\t\t\t\t\t\t\t\t<\/div>\n\t\t\t\t<\/div>\n\t\t\t\t<div class=\"elementor-element elementor-element-a928072 elementor-widget elementor-widget-text-editor\" data-id=\"a928072\" data-element_type=\"widget\" data-e-type=\"widget\" data-widget_type=\"text-editor.default\">\n\t\t\t\t<div class=\"elementor-widget-container\">\n\t\t\t\t\t\t\t\t\t<p style=\"text-align: center;\"><span style=\"color: #dbd7d0;\">(VERSI\u00d3N ESPA\u00d1OL)<\/span><\/p>\t\t\t\t\t\t\t\t<\/div>\n\t\t\t\t<\/div>\n\t\t\t\t<div class=\"elementor-element elementor-element-0040ee0 elementor-widget elementor-widget-image\" data-id=\"0040ee0\" data-element_type=\"widget\" data-e-type=\"widget\" data-widget_type=\"image.default\">\n\t\t\t\t<div class=\"elementor-widget-container\">\n\t\t\t\t\t\t\t\t\t\t\t\t\t\t\t\t<a href=\"https:\/\/www.amazon.co.uk\/dp\/B09CR3ZCGW\">\n\t\t\t\t\t\t\t<img decoding=\"async\" width=\"597\" height=\"597\" src=\"https:\/\/baserrifilms.com\/wp-content\/uploads\/2022\/06\/AMAZON-BOTON-2.png\" class=\"attachment-large size-large wp-image-1663\" alt=\"\" srcset=\"https:\/\/baserrifilms.com\/wp-content\/uploads\/2022\/06\/AMAZON-BOTON-2.png 597w, https:\/\/baserrifilms.com\/wp-content\/uploads\/2022\/06\/AMAZON-BOTON-2-300x300.png 300w, https:\/\/baserrifilms.com\/wp-content\/uploads\/2022\/06\/AMAZON-BOTON-2-150x150.png 150w\" sizes=\"(max-width: 597px) 100vw, 597px\" \/>\t\t\t\t\t\t\t\t<\/a>\n\t\t\t\t\t\t\t\t\t\t\t\t\t\t\t<\/div>\n\t\t\t\t<\/div>\n\t\t\t\t<div class=\"elementor-element elementor-element-155fe00 elementor-widget elementor-widget-text-editor\" data-id=\"155fe00\" data-element_type=\"widget\" data-e-type=\"widget\" data-widget_type=\"text-editor.default\">\n\t\t\t\t<div class=\"elementor-widget-container\">\n\t\t\t\t\t\t\t\t\t<p style=\"text-align: center;\"><span style=\"color: #dbd7d0;\">(ENGLISH VERSION)<\/span><\/p>\t\t\t\t\t\t\t\t<\/div>\n\t\t\t\t<\/div>\n\t\t\t\t\t<\/div>\n\t\t<\/div>\n\t\t\t\t\t<\/div>\n\t\t<\/section>\n\t\t\t\t<section class=\"elementor-section elementor-top-section elementor-element elementor-element-52f666bf animated-slow elementor-section-boxed elementor-section-height-default elementor-section-height-default\" data-id=\"52f666bf\" data-element_type=\"section\" data-e-type=\"section\" data-settings=\"{&quot;background_background&quot;:&quot;classic&quot;,&quot;animation&quot;:&quot;none&quot;,&quot;animation_delay&quot;:0}\">\n\t\t\t\t\t\t\t<div class=\"elementor-background-overlay\"><\/div>\n\t\t\t\t\t\t\t<div class=\"elementor-container elementor-column-gap-default\">\n\t\t\t\t\t<div class=\"elementor-column elementor-col-100 elementor-top-column elementor-element elementor-element-17f24248\" data-id=\"17f24248\" data-element_type=\"column\" data-e-type=\"column\">\n\t\t\t<div class=\"elementor-widget-wrap elementor-element-populated\">\n\t\t\t\t\t\t<div class=\"elementor-element elementor-element-2b70cf8 elementor-align-center elementor-widget elementor-widget-button\" data-id=\"2b70cf8\" data-element_type=\"widget\" data-e-type=\"widget\" data-widget_type=\"button.default\">\n\t\t\t\t<div class=\"elementor-widget-container\">\n\t\t\t\t\t\t\t\t\t<div class=\"elementor-button-wrapper\">\n\t\t\t\t\t<a class=\"elementor-button elementor-button-link elementor-size-md\" href=\"https:\/\/baserrifilms.com\/\">\n\t\t\t\t\t\t<span class=\"elementor-button-content-wrapper\">\n\t\t\t\t\t\t\t\t\t<span class=\"elementor-button-text\">HOME<\/span>\n\t\t\t\t\t<\/span>\n\t\t\t\t\t<\/a>\n\t\t\t\t<\/div>\n\t\t\t\t\t\t\t\t<\/div>\n\t\t\t\t<\/div>\n\t\t\t\t\t<\/div>\n\t\t<\/div>\n\t\t\t\t\t<\/div>\n\t\t<\/section>\n\t\t\t\t<section class=\"elementor-section elementor-top-section elementor-element elementor-element-cb3d111 elementor-section-boxed elementor-section-height-default elementor-section-height-default\" data-id=\"cb3d111\" data-element_type=\"section\" data-e-type=\"section\">\n\t\t\t\t\t\t<div class=\"elementor-container elementor-column-gap-default\">\n\t\t\t\t\t<div class=\"elementor-column elementor-col-100 elementor-top-column elementor-element elementor-element-a46f49a\" data-id=\"a46f49a\" data-element_type=\"column\" data-e-type=\"column\">\n\t\t\t<div class=\"elementor-widget-wrap\">\n\t\t\t\t\t\t\t<\/div>\n\t\t<\/div>\n\t\t\t\t\t<\/div>\n\t\t<\/section>\n\t\t\t\t<\/div>\n\t\t","protected":false},"excerpt":{"rendered":"<p>YO ACTORAL | M\u00c9TODO T\u00c9CNICO-CREATIVO DE ACTUACI\u00d3N ANTE LA C\u00c1MARA | 170 P\u00c1GS. | ISBN 9789878812397 ADQUISICIONES (VERSI\u00d3N ESPA\u00d1OL) (ENGLISH VERSION) HOME<\/p>\n","protected":false},"author":1,"featured_media":0,"parent":0,"menu_order":0,"comment_status":"closed","ping_status":"closed","template":"","meta":{"site-sidebar-layout":"no-sidebar","site-content-layout":"page-builder","ast-site-content-layout":"default","site-content-style":"default","site-sidebar-style":"default","ast-global-header-display":"","ast-banner-title-visibility":"","ast-main-header-display":"","ast-hfb-above-header-display":"","ast-hfb-below-header-display":"","ast-hfb-mobile-header-display":"","site-post-title":"disabled","ast-breadcrumbs-content":"","ast-featured-img":"disabled","footer-sml-layout":"","ast-disable-related-posts":"","theme-transparent-header-meta":"","adv-header-id-meta":"","stick-header-meta":"","header-above-stick-meta":"","header-main-stick-meta":"","header-below-stick-meta":"","astra-migrate-meta-layouts":"default","ast-page-background-enabled":"default","ast-page-background-meta":{"desktop":{"background-color":"var(--ast-global-color-4)","background-image":"","background-repeat":"repeat","background-position":"center center","background-size":"auto","background-attachment":"scroll","background-type":"","background-media":"","overlay-type":"","overlay-color":"","overlay-opacity":"","overlay-gradient":""},"tablet":{"background-color":"","background-image":"","background-repeat":"repeat","background-position":"center center","background-size":"auto","background-attachment":"scroll","background-type":"","background-media":"","overlay-type":"","overlay-color":"","overlay-opacity":"","overlay-gradient":""},"mobile":{"background-color":"","background-image":"","background-repeat":"repeat","background-position":"center center","background-size":"auto","background-attachment":"scroll","background-type":"","background-media":"","overlay-type":"","overlay-color":"","overlay-opacity":"","overlay-gradient":""}},"ast-content-background-meta":{"desktop":{"background-color":"var(--ast-global-color-5)","background-image":"","background-repeat":"repeat","background-position":"center center","background-size":"auto","background-attachment":"scroll","background-type":"","background-media":"","overlay-type":"","overlay-color":"","overlay-opacity":"","overlay-gradient":""},"tablet":{"background-color":"var(--ast-global-color-5)","background-image":"","background-repeat":"repeat","background-position":"center center","background-size":"auto","background-attachment":"scroll","background-type":"","background-media":"","overlay-type":"","overlay-color":"","overlay-opacity":"","overlay-gradient":""},"mobile":{"background-color":"var(--ast-global-color-5)","background-image":"","background-repeat":"repeat","background-position":"center center","background-size":"auto","background-attachment":"scroll","background-type":"","background-media":"","overlay-type":"","overlay-color":"","overlay-opacity":"","overlay-gradient":""}},"footnotes":""},"class_list":["post-3172","page","type-page","status-publish","hentry"],"_links":{"self":[{"href":"https:\/\/baserrifilms.com\/es\/wp-json\/wp\/v2\/pages\/3172","targetHints":{"allow":["GET"]}}],"collection":[{"href":"https:\/\/baserrifilms.com\/es\/wp-json\/wp\/v2\/pages"}],"about":[{"href":"https:\/\/baserrifilms.com\/es\/wp-json\/wp\/v2\/types\/page"}],"author":[{"embeddable":true,"href":"https:\/\/baserrifilms.com\/es\/wp-json\/wp\/v2\/users\/1"}],"replies":[{"embeddable":true,"href":"https:\/\/baserrifilms.com\/es\/wp-json\/wp\/v2\/comments?post=3172"}],"version-history":[{"count":13,"href":"https:\/\/baserrifilms.com\/es\/wp-json\/wp\/v2\/pages\/3172\/revisions"}],"predecessor-version":[{"id":7149,"href":"https:\/\/baserrifilms.com\/es\/wp-json\/wp\/v2\/pages\/3172\/revisions\/7149"}],"wp:attachment":[{"href":"https:\/\/baserrifilms.com\/es\/wp-json\/wp\/v2\/media?parent=3172"}],"curies":[{"name":"wp","href":"https:\/\/api.w.org\/{rel}","templated":true}]}}